{"id":9,"date":"2022-05-11T11:57:38","date_gmt":"2022-05-11T11:57:38","guid":{"rendered":"https:\/\/easyenglishbreizh.fr\/?page_id=9"},"modified":"2022-06-13T12:31:43","modified_gmt":"2022-06-13T12:31:43","slug":"about","status":"publish","type":"page","link":"https:\/\/easyenglishbreizh.fr\/?page_id=9","title":{"rendered":"Qui sommes-nous?"},"content":{"rendered":"\n<figure class=\"wp-block-pullquote\"><blockquote><p>&nbsp;Tous les \u00eatres humains ont une p\u00e9riode (g\u00e9n\u00e9ralement \u00e0 un jeune \u00e2ge) pendant laquelle il est possible d&#8217;atteindre une comp\u00e9tence native compl\u00e8te lors de l&#8217;apprentissage d&#8217;une langue dans un environnement linguistiquement riche et immersif.<\/p><cite>l&#8217;hypoth\u00e8se de la p\u00e9riode critique<\/cite><\/blockquote><\/figure>\n\n\n\n<div class=\"wp-block-columns\">\n<div class=\"wp-block-column\">\n<figure class=\"wp-block-image size-large\"><img loading=\"lazy\" width=\"1024\" height=\"539\" src=\"https:\/\/easyenglishbreizh.fr\/wp-content\/uploads\/2022\/06\/banner-gc240383a2_1280-1-1024x539.png\" alt=\"\" class=\"wp-image-300\" srcset=\"https:\/\/easyenglishbreizh.fr\/wp-content\/uploads\/2022\/06\/banner-gc240383a2_1280-1-1024x539.png 1024w, https:\/\/easyenglishbreizh.fr\/wp-content\/uploads\/2022\/06\/banner-gc240383a2_1280-1-300x158.png 300w, https:\/\/easyenglishbreizh.fr\/wp-content\/uploads\/2022\/06\/banner-gc240383a2_1280-1-768x404.png 768w, https:\/\/easyenglishbreizh.fr\/wp-content\/uploads\/2022\/06\/banner-gc240383a2_1280-1.png 1280w\" sizes=\"(max-width: 1024px) 100vw, 1024px\" \/><\/figure>\n<\/div>\n\n\n\n<div class=\"wp-block-column\">\n<figure class=\"wp-block-image size-large\"><img loading=\"lazy\" width=\"1024\" height=\"724\" src=\"http:\/\/easyenglishbreizh.fr\/wp-content\/uploads\/2022\/06\/Easy-English-Logo-large-300-ppi-1024x724.jpg\" alt=\"\" class=\"wp-image-210\" srcset=\"https:\/\/easyenglishbreizh.fr\/wp-content\/uploads\/2022\/06\/Easy-English-Logo-large-300-ppi-1024x724.jpg 1024w, https:\/\/easyenglishbreizh.fr\/wp-content\/uploads\/2022\/06\/Easy-English-Logo-large-300-ppi-300x212.jpg 300w, https:\/\/easyenglishbreizh.fr\/wp-content\/uploads\/2022\/06\/Easy-English-Logo-large-300-ppi-768x543.jpg 768w, https:\/\/easyenglishbreizh.fr\/wp-content\/uploads\/2022\/06\/Easy-English-Logo-large-300-ppi-1536x1086.jpg 1536w, https:\/\/easyenglishbreizh.fr\/wp-content\/uploads\/2022\/06\/Easy-English-Logo-large-300-ppi-2048x1448.jpg 2048w\" sizes=\"(max-width: 1024px) 100vw, 1024px\" \/><\/figure>\n<\/div>\n\n\n\n<div class=\"wp-block-column\">\n<figure class=\"wp-block-image size-large\"><img loading=\"lazy\" width=\"1024\" height=\"513\" src=\"https:\/\/easyenglishbreizh.fr\/wp-content\/uploads\/2022\/06\/banner-g0d5f2134f_1280-1-1024x513.png\" alt=\"\" class=\"wp-image-302\" srcset=\"https:\/\/easyenglishbreizh.fr\/wp-content\/uploads\/2022\/06\/banner-g0d5f2134f_1280-1-1024x513.png 1024w, https:\/\/easyenglishbreizh.fr\/wp-content\/uploads\/2022\/06\/banner-g0d5f2134f_1280-1-300x150.png 300w, https:\/\/easyenglishbreizh.fr\/wp-content\/uploads\/2022\/06\/banner-g0d5f2134f_1280-1-768x385.png 768w, https:\/\/easyenglishbreizh.fr\/wp-content\/uploads\/2022\/06\/banner-g0d5f2134f_1280-1.png 1280w\" sizes=\"(max-width: 1024px) 100vw, 1024px\" \/><\/figure>\n<\/div>\n<\/div>\n\n\n\n<p id=\"tw-target-text\">Cr\u00e9\u00e9 par deux m\u00e8res anglophones \u00e9levant de jeunes enfants bilingues \u00e0 Rennes, Easy English est la concr\u00e9tisation d&#8217;innombrables heures de discussions et de recherches dans le but de proposer une exp\u00e9rience d&#8217;apprentissage de l&#8217;anglais efficace et immersive. Chacun avec plus de 10 ans d&#8217;exp\u00e9rience dans l&#8217;\u00e9ducation en France et \u00e0 l&#8217;\u00e9tranger, nous avons con\u00e7u un environnement interactif et cr\u00e9atif pour les aspirants bilingues de tous \u00e2ges.<\/p>\n\n\n\n<p id=\"tw-target-text\">De plus, nous avons utilis\u00e9 la recherche sur l&#8217;acquisition d&#8217;une langue seconde pour d\u00e9velopper des sessions qui capitalisent sur les sciences cognitives et la th\u00e9orie de l&#8217;apprentissage afin de mieux assurer le succ\u00e8s \u00e0 long terme de nos \u00e9tudiants.<\/p>\n","protected":false},"excerpt":{"rendered":"<p>&nbsp;Tous les \u00eatres humains ont une p\u00e9riode (g\u00e9n\u00e9ralement \u00e0 un jeune \u00e2ge) pendant laquelle il est possible d&#8217;atteindre une comp\u00e9tence native compl\u00e8te lors de l&#8217;apprentissage d&#8217;une langue dans un environnement linguistiquement riche et immersif. l&#8217;hypoth\u00e8se de la p\u00e9riode critique Cr\u00e9\u00e9 par deux m\u00e8res anglophones \u00e9levant de jeunes enfants bilingues \u00e0 Rennes, Easy English est la&hellip;&nbsp;<a href=\"https:\/\/easyenglishbreizh.fr\/?page_id=9\" class=\"\" rel=\"bookmark\">Read More &raquo;<span class=\"screen-reader-text\">Qui sommes-nous?<\/span><\/a><\/p>\n","protected":false},"author":1,"featured_media":0,"parent":0,"menu_order":0,"comment_status":"closed","ping_status":"closed","template":"","meta":{"om_disable_all_campaigns":false,"_monsterinsights_skip_tracking":false,"_monsterinsights_sitenote_active":false,"_monsterinsights_sitenote_note":"","_monsterinsights_sitenote_category":0,"neve_meta_sidebar":"","neve_meta_container":"","neve_meta_enable_content_width":"","neve_meta_content_width":0,"neve_meta_title_alignment":"","neve_meta_author_avatar":"","neve_post_elements_order":"","neve_meta_disable_header":"","neve_meta_disable_footer":"","neve_meta_disable_title":""},"_links":{"self":[{"href":"https:\/\/easyenglishbreizh.fr\/index.php?rest_route=\/wp\/v2\/pages\/9"}],"collection":[{"href":"https:\/\/easyenglishbreizh.fr\/index.php?rest_route=\/wp\/v2\/pages"}],"about":[{"href":"https:\/\/easyenglishbreizh.fr\/index.php?rest_route=\/wp\/v2\/types\/page"}],"author":[{"embeddable":true,"href":"https:\/\/easyenglishbreizh.fr\/index.php?rest_route=\/wp\/v2\/users\/1"}],"replies":[{"embeddable":true,"href":"https:\/\/easyenglishbreizh.fr\/index.php?rest_route=%2Fwp%2Fv2%2Fcomments&post=9"}],"version-history":[{"count":24,"href":"https:\/\/easyenglishbreizh.fr\/index.php?rest_route=\/wp\/v2\/pages\/9\/revisions"}],"predecessor-version":[{"id":303,"href":"https:\/\/easyenglishbreizh.fr\/index.php?rest_route=\/wp\/v2\/pages\/9\/revisions\/303"}],"wp:attachment":[{"href":"https:\/\/easyenglishbreizh.fr\/index.php?rest_route=%2Fwp%2Fv2%2Fmedia&parent=9"}],"curies":[{"name":"wp","href":"https:\/\/api.w.org\/{rel}","templated":true}]}}